{"id":216,"date":"2025-11-01T05:00:20","date_gmt":"2025-11-01T05:00:20","guid":{"rendered":"https:\/\/vencristo.org\/?page_id=216"},"modified":"2025-11-01T05:02:51","modified_gmt":"2025-11-01T05:02:51","slug":"ministerio-de-misericordia","status":"publish","type":"page","link":"https:\/\/vencristo.org\/index.php\/ministerio-de-misericordia\/","title":{"rendered":"Ministerio de Misericordia"},"content":{"rendered":"\n<h2 class=\"wp-block-heading\">Cada semana puedes llevar alimentos no perecederos a la congregaci\u00f3n  para compartir con amor, juntos aportaremos para hacer varias canastas y de \u00e9sta manera bendecir a varias familias. <\/h2>\n\n\n\n<h2 class=\"wp-block-heading\"><mark style=\"background-color:rgba(0, 0, 0, 0);color:#867373\" class=\"has-inline-color\">En todo os he ense\u00f1ado que, trabajando as\u00ed, se debe ayudar a los necesitados, y recordar las palabras del Se\u00f1or Jes\u00fas, que dijo: M\u00e1s bienaventurado es dar que recibir.<br>Hechos 20:35<\/mark><\/h2>\n\n\n\n<figure class=\"wp-block-image size-large\"><img loading=\"lazy\" decoding=\"async\" width=\"1024\" height=\"1024\" src=\"https:\/\/vencristo.org\/wp-content\/uploads\/2025\/11\/IMG-20251031-WA0071-1024x1024.jpg\" alt=\"\" class=\"wp-image-217\" srcset=\"https:\/\/vencristo.org\/wp-content\/uploads\/2025\/11\/IMG-20251031-WA0071-1024x1024.jpg 1024w, https:\/\/vencristo.org\/wp-content\/uploads\/2025\/11\/IMG-20251031-WA0071-300x300.jpg 300w, https:\/\/vencristo.org\/wp-content\/uploads\/2025\/11\/IMG-20251031-WA0071-150x150.jpg 150w, https:\/\/vencristo.org\/wp-content\/uploads\/2025\/11\/IMG-20251031-WA0071-768x768.jpg 768w, https:\/\/vencristo.org\/wp-content\/uploads\/2025\/11\/IMG-20251031-WA0071-1x1.jpg 1w, https:\/\/vencristo.org\/wp-content\/uploads\/2025\/11\/IMG-20251031-WA0071.jpg 1280w\" sizes=\"auto, (max-width: 1024px) 100vw, 1024px\" \/><\/figure>\n\n\n\n<figure class=\"wp-block-gallery has-nested-images columns-default is-cropped wp-block-gallery-1 is-layout-flex wp-block-gallery-is-layout-flex\">\n<figure class=\"wp-block-image size-large\"><img loading=\"lazy\" decoding=\"async\" width=\"768\" height=\"1024\" data-id=\"218\" src=\"https:\/\/vencristo.org\/wp-content\/uploads\/2025\/11\/FB_IMG_1761973195330-768x1024.jpg\" alt=\"\" class=\"wp-image-218\" srcset=\"https:\/\/vencristo.org\/wp-content\/uploads\/2025\/11\/FB_IMG_1761973195330-768x1024.jpg 768w, https:\/\/vencristo.org\/wp-content\/uploads\/2025\/11\/FB_IMG_1761973195330-225x300.jpg 225w, https:\/\/vencristo.org\/wp-content\/uploads\/2025\/11\/FB_IMG_1761973195330-1x1.jpg 1w, https:\/\/vencristo.org\/wp-content\/uploads\/2025\/11\/FB_IMG_1761973195330.jpg 1080w\" sizes=\"auto, (max-width: 768px) 100vw, 768px\" \/><\/figure>\n<\/figure>\n","protected":false},"excerpt":{"rendered":"<p>Cada semana puedes llevar alimentos no perecederos a la congregaci\u00f3n para compartir con amor, juntos aportaremos para hacer varias canastas y de \u00e9sta manera bendecir a varias familias. En todo os he ense\u00f1ado que, trabajando as\u00ed, se debe ayudar a los necesitados, y recordar las palabras del Se\u00f1or Jes\u00fas, que dijo: M\u00e1s bienaventurado es dar [&hellip;]<\/p>\n","protected":false},"author":1,"featured_media":0,"parent":0,"menu_order":0,"comment_status":"closed","ping_status":"closed","template":"","meta":{"footnotes":""},"class_list":["post-216","page","type-page","status-publish","hentry"],"_links":{"self":[{"href":"https:\/\/vencristo.org\/index.php\/wp-json\/wp\/v2\/pages\/216","targetHints":{"allow":["GET"]}}],"collection":[{"href":"https:\/\/vencristo.org\/index.php\/wp-json\/wp\/v2\/pages"}],"about":[{"href":"https:\/\/vencristo.org\/index.php\/wp-json\/wp\/v2\/types\/page"}],"author":[{"embeddable":true,"href":"https:\/\/vencristo.org\/index.php\/wp-json\/wp\/v2\/users\/1"}],"replies":[{"embeddable":true,"href":"https:\/\/vencristo.org\/index.php\/wp-json\/wp\/v2\/comments?post=216"}],"version-history":[{"count":3,"href":"https:\/\/vencristo.org\/index.php\/wp-json\/wp\/v2\/pages\/216\/revisions"}],"predecessor-version":[{"id":221,"href":"https:\/\/vencristo.org\/index.php\/wp-json\/wp\/v2\/pages\/216\/revisions\/221"}],"wp:attachment":[{"href":"https:\/\/vencristo.org\/index.php\/wp-json\/wp\/v2\/media?parent=216"}],"curies":[{"name":"wp","href":"https:\/\/api.w.org\/{rel}","templated":true}]}}