{"id":208,"date":"2025-11-01T04:40:29","date_gmt":"2025-11-01T04:40:29","guid":{"rendered":"https:\/\/vencristo.org\/?page_id=208"},"modified":"2025-11-01T05:31:19","modified_gmt":"2025-11-01T05:31:19","slug":"ministerio-infantil","status":"publish","type":"page","link":"https:\/\/vencristo.org\/index.php\/ministerio-infantil\/","title":{"rendered":"Ministerio Infantil"},"content":{"rendered":"\n<h2 class=\"wp-block-heading\">Cada domingo en nuestra Reuni\u00f3n Dominical, hay un lugar especial para tus ni\u00f1os en la Iglesia Internacional VenCristo, con maestras que los llevan a conocer quien es Jes\u00fas. Asiste con ellos, son bienvenidos. <\/h2>\n\n\n\n<h2 class=\"wp-block-heading\"><mark style=\"background-color:rgba(0, 0, 0, 0);color:#927d7d\" class=\"has-inline-color\">Pero Jes\u00fas dijo: Dejad a los ni\u00f1os venir a m\u00ed, y no se lo impid\u00e1is; porque de los tales es el reino de los cielos.<br>S. Mateo 19:14<\/mark><\/h2>\n\n\n\n<figure class=\"wp-block-image size-large\"><img loading=\"lazy\" decoding=\"async\" width=\"567\" height=\"1024\" src=\"https:\/\/vencristo.org\/wp-content\/uploads\/2025\/11\/IMG-20251019-WA0028-567x1024.jpg\" alt=\"\" class=\"wp-image-209\" srcset=\"https:\/\/vencristo.org\/wp-content\/uploads\/2025\/11\/IMG-20251019-WA0028-567x1024.jpg 567w, https:\/\/vencristo.org\/wp-content\/uploads\/2025\/11\/IMG-20251019-WA0028-166x300.jpg 166w, https:\/\/vencristo.org\/wp-content\/uploads\/2025\/11\/IMG-20251019-WA0028-768x1387.jpg 768w, https:\/\/vencristo.org\/wp-content\/uploads\/2025\/11\/IMG-20251019-WA0028-851x1536.jpg 851w, https:\/\/vencristo.org\/wp-content\/uploads\/2025\/11\/IMG-20251019-WA0028-1x2.jpg 1w, https:\/\/vencristo.org\/wp-content\/uploads\/2025\/11\/IMG-20251019-WA0028.jpg 886w\" sizes=\"auto, (max-width: 567px) 100vw, 567px\" \/><\/figure>\n\n\n\n<figure class=\"wp-block-image size-large\"><img loading=\"lazy\" decoding=\"async\" width=\"768\" height=\"1024\" src=\"https:\/\/vencristo.org\/wp-content\/uploads\/2025\/11\/IMG-20251019-WA0035-768x1024.jpg\" alt=\"\" class=\"wp-image-210\" srcset=\"https:\/\/vencristo.org\/wp-content\/uploads\/2025\/11\/IMG-20251019-WA0035-768x1024.jpg 768w, https:\/\/vencristo.org\/wp-content\/uploads\/2025\/11\/IMG-20251019-WA0035-225x300.jpg 225w, https:\/\/vencristo.org\/wp-content\/uploads\/2025\/11\/IMG-20251019-WA0035-1152x1536.jpg 1152w, https:\/\/vencristo.org\/wp-content\/uploads\/2025\/11\/IMG-20251019-WA0035-1x1.jpg 1w, https:\/\/vencristo.org\/wp-content\/uploads\/2025\/11\/IMG-20251019-WA0035.jpg 1200w\" sizes=\"auto, (max-width: 768px) 100vw, 768px\" \/><\/figure>\n\n\n\n<figure class=\"wp-block-image size-large\"><img loading=\"lazy\" decoding=\"async\" width=\"1024\" height=\"768\" src=\"https:\/\/vencristo.org\/wp-content\/uploads\/2025\/11\/FB_IMG_1761971947692-1024x768.jpg\" alt=\"\" class=\"wp-image-212\" srcset=\"https:\/\/vencristo.org\/wp-content\/uploads\/2025\/11\/FB_IMG_1761971947692-1024x768.jpg 1024w, https:\/\/vencristo.org\/wp-content\/uploads\/2025\/11\/FB_IMG_1761971947692-300x225.jpg 300w, https:\/\/vencristo.org\/wp-content\/uploads\/2025\/11\/FB_IMG_1761971947692-768x576.jpg 768w, https:\/\/vencristo.org\/wp-content\/uploads\/2025\/11\/FB_IMG_1761971947692-1x1.jpg 1w, https:\/\/vencristo.org\/wp-content\/uploads\/2025\/11\/FB_IMG_1761971947692.jpg 1080w\" sizes=\"auto, (max-width: 1024px) 100vw, 1024px\" \/><\/figure>\n","protected":false},"excerpt":{"rendered":"<p>Cada domingo en nuestra Reuni\u00f3n Dominical, hay un lugar especial para tus ni\u00f1os en la Iglesia Internacional VenCristo, con maestras que los llevan a conocer quien es Jes\u00fas. Asiste con ellos, son bienvenidos. Pero Jes\u00fas dijo: Dejad a los ni\u00f1os venir a m\u00ed, y no se lo impid\u00e1is; porque de los tales es el reino [&hellip;]<\/p>\n","protected":false},"author":1,"featured_media":0,"parent":0,"menu_order":0,"comment_status":"closed","ping_status":"closed","template":"","meta":{"footnotes":""},"class_list":["post-208","page","type-page","status-publish","hentry"],"_links":{"self":[{"href":"https:\/\/vencristo.org\/index.php\/wp-json\/wp\/v2\/pages\/208","targetHints":{"allow":["GET"]}}],"collection":[{"href":"https:\/\/vencristo.org\/index.php\/wp-json\/wp\/v2\/pages"}],"about":[{"href":"https:\/\/vencristo.org\/index.php\/wp-json\/wp\/v2\/types\/page"}],"author":[{"embeddable":true,"href":"https:\/\/vencristo.org\/index.php\/wp-json\/wp\/v2\/users\/1"}],"replies":[{"embeddable":true,"href":"https:\/\/vencristo.org\/index.php\/wp-json\/wp\/v2\/comments?post=208"}],"version-history":[{"count":4,"href":"https:\/\/vencristo.org\/index.php\/wp-json\/wp\/v2\/pages\/208\/revisions"}],"predecessor-version":[{"id":228,"href":"https:\/\/vencristo.org\/index.php\/wp-json\/wp\/v2\/pages\/208\/revisions\/228"}],"wp:attachment":[{"href":"https:\/\/vencristo.org\/index.php\/wp-json\/wp\/v2\/media?parent=208"}],"curies":[{"name":"wp","href":"https:\/\/api.w.org\/{rel}","templated":true}]}}