{"id":192,"date":"2025-10-30T03:38:43","date_gmt":"2025-10-30T03:38:43","guid":{"rendered":"https:\/\/vencristo.org\/?page_id=192"},"modified":"2026-04-11T21:56:15","modified_gmt":"2026-04-11T21:56:15","slug":"congresos","status":"publish","type":"page","link":"https:\/\/vencristo.org\/index.php\/congresos\/","title":{"rendered":"Congresos"},"content":{"rendered":"\n<h2 class=\"wp-block-heading\">Nuestro pr\u00f3ximo Congreso VenCristo ser\u00e1 para parejas permanece atento a la informaci\u00f3n en el mes de mayo. <\/h2>\n\n\n\n<figure class=\"wp-block-image size-large\"><img loading=\"lazy\" decoding=\"async\" width=\"819\" height=\"1024\" src=\"https:\/\/vencristo.org\/wp-content\/uploads\/2026\/04\/Post-instagram-Invitacion-a-evento-o-reunion-de-matrimonios-y-parejas-crist_20260410_162400_0000-819x1024.png\" alt=\"\" class=\"wp-image-292\" srcset=\"https:\/\/vencristo.org\/wp-content\/uploads\/2026\/04\/Post-instagram-Invitacion-a-evento-o-reunion-de-matrimonios-y-parejas-crist_20260410_162400_0000-819x1024.png 819w, https:\/\/vencristo.org\/wp-content\/uploads\/2026\/04\/Post-instagram-Invitacion-a-evento-o-reunion-de-matrimonios-y-parejas-crist_20260410_162400_0000-240x300.png 240w, https:\/\/vencristo.org\/wp-content\/uploads\/2026\/04\/Post-instagram-Invitacion-a-evento-o-reunion-de-matrimonios-y-parejas-crist_20260410_162400_0000-768x960.png 768w, https:\/\/vencristo.org\/wp-content\/uploads\/2026\/04\/Post-instagram-Invitacion-a-evento-o-reunion-de-matrimonios-y-parejas-crist_20260410_162400_0000-1x1.png 1w, https:\/\/vencristo.org\/wp-content\/uploads\/2026\/04\/Post-instagram-Invitacion-a-evento-o-reunion-de-matrimonios-y-parejas-crist_20260410_162400_0000.png 1080w\" sizes=\"auto, (max-width: 819px) 100vw, 819px\" \/><\/figure>\n","protected":false},"excerpt":{"rendered":"<p>Nuestro pr\u00f3ximo Congreso VenCristo ser\u00e1 para parejas permanece atento a la informaci\u00f3n en el mes de mayo.<\/p>\n","protected":false},"author":1,"featured_media":0,"parent":0,"menu_order":0,"comment_status":"closed","ping_status":"closed","template":"","meta":{"footnotes":""},"class_list":["post-192","page","type-page","status-publish","hentry"],"_links":{"self":[{"href":"https:\/\/vencristo.org\/index.php\/wp-json\/wp\/v2\/pages\/192","targetHints":{"allow":["GET"]}}],"collection":[{"href":"https:\/\/vencristo.org\/index.php\/wp-json\/wp\/v2\/pages"}],"about":[{"href":"https:\/\/vencristo.org\/index.php\/wp-json\/wp\/v2\/types\/page"}],"author":[{"embeddable":true,"href":"https:\/\/vencristo.org\/index.php\/wp-json\/wp\/v2\/users\/1"}],"replies":[{"embeddable":true,"href":"https:\/\/vencristo.org\/index.php\/wp-json\/wp\/v2\/comments?post=192"}],"version-history":[{"count":6,"href":"https:\/\/vencristo.org\/index.php\/wp-json\/wp\/v2\/pages\/192\/revisions"}],"predecessor-version":[{"id":296,"href":"https:\/\/vencristo.org\/index.php\/wp-json\/wp\/v2\/pages\/192\/revisions\/296"}],"wp:attachment":[{"href":"https:\/\/vencristo.org\/index.php\/wp-json\/wp\/v2\/media?parent=192"}],"curies":[{"name":"wp","href":"https:\/\/api.w.org\/{rel}","templated":true}]}}