{"id":159,"date":"2025-10-30T02:34:21","date_gmt":"2025-10-30T02:34:21","guid":{"rendered":"https:\/\/vencristo.org\/?page_id=159"},"modified":"2025-10-30T02:38:19","modified_gmt":"2025-10-30T02:38:19","slug":"vencristo-juan-de-acosta","status":"publish","type":"page","link":"https:\/\/vencristo.org\/index.php\/vencristo-juan-de-acosta\/","title":{"rendered":"VenCristo-Juan de Acosta."},"content":{"rendered":"\n<h2 class=\"wp-block-heading\">Nuestra hermosa congregaci\u00f3n en Juan de Acosta est\u00e1 en la Cra 4 #9-45, la Pastora &#8211; Misionera Luisa Villamizar se encuentra al frente de \u00e9sta obra hija. Visitanos los mi\u00e9rcoles 6:00 pm y los Domingos 10 am. <\/h2>\n\n\n\n<figure class=\"wp-block-image size-large\"><img loading=\"lazy\" decoding=\"async\" width=\"768\" height=\"1024\" src=\"https:\/\/vencristo.org\/wp-content\/uploads\/2025\/10\/FB_IMG_1761791108050-768x1024.jpg\" alt=\"\" class=\"wp-image-160\" srcset=\"https:\/\/vencristo.org\/wp-content\/uploads\/2025\/10\/FB_IMG_1761791108050-768x1024.jpg 768w, https:\/\/vencristo.org\/wp-content\/uploads\/2025\/10\/FB_IMG_1761791108050-225x300.jpg 225w, https:\/\/vencristo.org\/wp-content\/uploads\/2025\/10\/FB_IMG_1761791108050-1x1.jpg 1w, https:\/\/vencristo.org\/wp-content\/uploads\/2025\/10\/FB_IMG_1761791108050.jpg 1080w\" sizes=\"auto, (max-width: 768px) 100vw, 768px\" \/><\/figure>\n\n\n\n<figure class=\"wp-block-gallery has-nested-images columns-default is-cropped wp-block-gallery-1 is-layout-flex wp-block-gallery-is-layout-flex\">\n<figure class=\"wp-block-image size-large\"><img loading=\"lazy\" decoding=\"async\" width=\"461\" height=\"1024\" data-id=\"161\" src=\"https:\/\/vencristo.org\/wp-content\/uploads\/2025\/10\/FB_IMG_1761790771993-461x1024.jpg\" alt=\"\" class=\"wp-image-161\" srcset=\"https:\/\/vencristo.org\/wp-content\/uploads\/2025\/10\/FB_IMG_1761790771993-461x1024.jpg 461w, https:\/\/vencristo.org\/wp-content\/uploads\/2025\/10\/FB_IMG_1761790771993-135x300.jpg 135w, https:\/\/vencristo.org\/wp-content\/uploads\/2025\/10\/FB_IMG_1761790771993-691x1536.jpg 691w, https:\/\/vencristo.org\/wp-content\/uploads\/2025\/10\/FB_IMG_1761790771993-1x2.jpg 1w, https:\/\/vencristo.org\/wp-content\/uploads\/2025\/10\/FB_IMG_1761790771993.jpg 720w\" sizes=\"auto, (max-width: 461px) 100vw, 461px\" \/><\/figure>\n<\/figure>\n","protected":false},"excerpt":{"rendered":"<p>Nuestra hermosa congregaci\u00f3n en Juan de Acosta est\u00e1 en la Cra 4 #9-45, la Pastora &#8211; Misionera Luisa Villamizar se encuentra al frente de \u00e9sta obra hija. Visitanos los mi\u00e9rcoles 6:00 pm y los Domingos 10 am.<\/p>\n","protected":false},"author":1,"featured_media":0,"parent":0,"menu_order":0,"comment_status":"closed","ping_status":"closed","template":"","meta":{"footnotes":""},"class_list":["post-159","page","type-page","status-publish","hentry"],"_links":{"self":[{"href":"https:\/\/vencristo.org\/index.php\/wp-json\/wp\/v2\/pages\/159","targetHints":{"allow":["GET"]}}],"collection":[{"href":"https:\/\/vencristo.org\/index.php\/wp-json\/wp\/v2\/pages"}],"about":[{"href":"https:\/\/vencristo.org\/index.php\/wp-json\/wp\/v2\/types\/page"}],"author":[{"embeddable":true,"href":"https:\/\/vencristo.org\/index.php\/wp-json\/wp\/v2\/users\/1"}],"replies":[{"embeddable":true,"href":"https:\/\/vencristo.org\/index.php\/wp-json\/wp\/v2\/comments?post=159"}],"version-history":[{"count":2,"href":"https:\/\/vencristo.org\/index.php\/wp-json\/wp\/v2\/pages\/159\/revisions"}],"predecessor-version":[{"id":165,"href":"https:\/\/vencristo.org\/index.php\/wp-json\/wp\/v2\/pages\/159\/revisions\/165"}],"wp:attachment":[{"href":"https:\/\/vencristo.org\/index.php\/wp-json\/wp\/v2\/media?parent=159"}],"curies":[{"name":"wp","href":"https:\/\/api.w.org\/{rel}","templated":true}]}}