{"id":143,"date":"2025-10-30T00:43:24","date_gmt":"2025-10-30T00:43:24","guid":{"rendered":"https:\/\/vencristo.org\/?page_id=143"},"modified":"2025-11-01T05:10:38","modified_gmt":"2025-11-01T05:10:38","slug":"estudios-biblicos","status":"publish","type":"page","link":"https:\/\/vencristo.org\/index.php\/estudios-biblicos\/","title":{"rendered":"Estudios Biblicos"},"content":{"rendered":"\n<h2 class=\"wp-block-heading\">Cada domingo 9 am te invitamos a participar de nuestro Discipulado VenCristo, <mark style=\"background-color:rgba(0, 0, 0, 0);color:#997373\" class=\"has-inline-color\">&#8220;Escudri\u00f1ad las Escrituras; porque a vosotros os parece que en ellas ten\u00e9is la vida eterna; y ellas son las que dan testimonio de m\u00ed;&#8221;<br>S. Juan 5:39 <\/mark><\/h2>\n\n\n\n<figure class=\"wp-block-gallery has-nested-images columns-default is-cropped wp-block-gallery-1 is-layout-flex wp-block-gallery-is-layout-flex\">\n<figure class=\"wp-block-image size-large\"><img loading=\"lazy\" decoding=\"async\" width=\"819\" height=\"1024\" data-id=\"145\" src=\"https:\/\/vencristo.org\/wp-content\/uploads\/2025\/10\/Post-instagram-Invitacion-a-evento-cristiano-o-reunion-de-discipulado-y-lid_20251015_125211_0000-1-819x1024.png\" alt=\"\" class=\"wp-image-145\" srcset=\"https:\/\/vencristo.org\/wp-content\/uploads\/2025\/10\/Post-instagram-Invitacion-a-evento-cristiano-o-reunion-de-discipulado-y-lid_20251015_125211_0000-1-819x1024.png 819w, https:\/\/vencristo.org\/wp-content\/uploads\/2025\/10\/Post-instagram-Invitacion-a-evento-cristiano-o-reunion-de-discipulado-y-lid_20251015_125211_0000-1-240x300.png 240w, https:\/\/vencristo.org\/wp-content\/uploads\/2025\/10\/Post-instagram-Invitacion-a-evento-cristiano-o-reunion-de-discipulado-y-lid_20251015_125211_0000-1-768x960.png 768w, https:\/\/vencristo.org\/wp-content\/uploads\/2025\/10\/Post-instagram-Invitacion-a-evento-cristiano-o-reunion-de-discipulado-y-lid_20251015_125211_0000-1-1x1.png 1w, https:\/\/vencristo.org\/wp-content\/uploads\/2025\/10\/Post-instagram-Invitacion-a-evento-cristiano-o-reunion-de-discipulado-y-lid_20251015_125211_0000-1.png 1080w\" sizes=\"auto, (max-width: 819px) 100vw, 819px\" \/><\/figure>\n<\/figure>\n\n\n\n<figure class=\"wp-block-image size-large\"><img loading=\"lazy\" decoding=\"async\" width=\"1024\" height=\"1024\" src=\"https:\/\/vencristo.org\/wp-content\/uploads\/2025\/10\/Post-para-Instagram-de-escuela-biblica-dinamico-collage-azul-y-morado_20251016_173931_0000-1024x1024.png\" alt=\"\" class=\"wp-image-144\" srcset=\"https:\/\/vencristo.org\/wp-content\/uploads\/2025\/10\/Post-para-Instagram-de-escuela-biblica-dinamico-collage-azul-y-morado_20251016_173931_0000-1024x1024.png 1024w, https:\/\/vencristo.org\/wp-content\/uploads\/2025\/10\/Post-para-Instagram-de-escuela-biblica-dinamico-collage-azul-y-morado_20251016_173931_0000-300x300.png 300w, https:\/\/vencristo.org\/wp-content\/uploads\/2025\/10\/Post-para-Instagram-de-escuela-biblica-dinamico-collage-azul-y-morado_20251016_173931_0000-150x150.png 150w, https:\/\/vencristo.org\/wp-content\/uploads\/2025\/10\/Post-para-Instagram-de-escuela-biblica-dinamico-collage-azul-y-morado_20251016_173931_0000-768x768.png 768w, https:\/\/vencristo.org\/wp-content\/uploads\/2025\/10\/Post-para-Instagram-de-escuela-biblica-dinamico-collage-azul-y-morado_20251016_173931_0000-1x1.png 1w, https:\/\/vencristo.org\/wp-content\/uploads\/2025\/10\/Post-para-Instagram-de-escuela-biblica-dinamico-collage-azul-y-morado_20251016_173931_0000.png 1080w\" sizes=\"auto, (max-width: 1024px) 100vw, 1024px\" \/><\/figure>\n\n\n\n<p><br><\/p>\n\n\n\n<h2 class=\"wp-block-heading\">Los lunes y jueves por Meet Prep\u00e1rate como hijo de Dios, a partir de las 8 pm, nuestra Pastora General Angelica Hern\u00e1ndez nos guiar\u00e1 en nuestro crecimiento ministerial. <mark style=\"background-color:rgba(0, 0, 0, 0);color:#8b7373\" class=\"has-inline-color\">&#8220;Cada uno seg\u00fan el don que ha recibido, min\u00edstrelo a los otros, como buenos administradores de la multiforme gracia de Dios.&#8221;<br>1 Pedro 4:10<\/mark><\/h2>\n","protected":false},"excerpt":{"rendered":"<p>Cada domingo 9 am te invitamos a participar de nuestro Discipulado VenCristo, &#8220;Escudri\u00f1ad las Escrituras; porque a vosotros os parece que en ellas ten\u00e9is la vida eterna; y ellas son las que dan testimonio de m\u00ed;&#8221;S. Juan 5:39 Los lunes y jueves por Meet Prep\u00e1rate como hijo de Dios, a partir de las 8 pm, [&hellip;]<\/p>\n","protected":false},"author":1,"featured_media":0,"parent":0,"menu_order":0,"comment_status":"closed","ping_status":"closed","template":"","meta":{"footnotes":""},"class_list":["post-143","page","type-page","status-publish","hentry"],"_links":{"self":[{"href":"https:\/\/vencristo.org\/index.php\/wp-json\/wp\/v2\/pages\/143","targetHints":{"allow":["GET"]}}],"collection":[{"href":"https:\/\/vencristo.org\/index.php\/wp-json\/wp\/v2\/pages"}],"about":[{"href":"https:\/\/vencristo.org\/index.php\/wp-json\/wp\/v2\/types\/page"}],"author":[{"embeddable":true,"href":"https:\/\/vencristo.org\/index.php\/wp-json\/wp\/v2\/users\/1"}],"replies":[{"embeddable":true,"href":"https:\/\/vencristo.org\/index.php\/wp-json\/wp\/v2\/comments?post=143"}],"version-history":[{"count":5,"href":"https:\/\/vencristo.org\/index.php\/wp-json\/wp\/v2\/pages\/143\/revisions"}],"predecessor-version":[{"id":227,"href":"https:\/\/vencristo.org\/index.php\/wp-json\/wp\/v2\/pages\/143\/revisions\/227"}],"wp:attachment":[{"href":"https:\/\/vencristo.org\/index.php\/wp-json\/wp\/v2\/media?parent=143"}],"curies":[{"name":"wp","href":"https:\/\/api.w.org\/{rel}","templated":true}]}}